{"id":2128,"date":"2023-09-07T10:23:42","date_gmt":"2023-09-07T09:23:42","guid":{"rendered":"https:\/\/rcfo-cegedim-healthcare-ro.cegedim.com\/legal-notices\/"},"modified":"2024-01-30T08:11:51","modified_gmt":"2024-01-30T08:11:51","slug":"legal-notices","status":"publish","type":"page","link":"https:\/\/www.cegedim-healthcare.ro\/en\/legal-notices\/","title":{"rendered":"Legal notices"},"content":{"rendered":"<p>[et_pb_section fb_built=&#8221;1&#8243; admin_label=&#8221;Header&#8221; _builder_version=&#8221;4.21.0&#8243; _module_preset=&#8221;default&#8221; collapsed=&#8221;on&#8221; global_colors_info=&#8221;{}&#8221;][et_pb_row _builder_version=&#8221;4.21.0&#8243; _module_preset=&#8221;default&#8221; global_colors_info=&#8221;{}&#8221;][et_pb_column type=&#8221;4_4&#8243; _builder_version=&#8221;4.21.0&#8243; _module_preset=&#8221;default&#8221; global_colors_info=&#8221;{}&#8221;][et_pb_blurb title=&#8221;Legal notices&#8221; _builder_version=&#8221;4.21.0&#8243; _module_preset=&#8221;default&#8221; header_level=&#8221;h1&#8243; global_colors_info=&#8221;{}&#8221;][\/et_pb_blurb][\/et_pb_column][\/et_pb_row][et_pb_row _builder_version=&#8221;4.21.0&#8243; _module_preset=&#8221;default&#8221; global_colors_info=&#8221;{}&#8221;][et_pb_column type=&#8221;4_4&#8243; _builder_version=&#8221;4.21.0&#8243; _module_preset=&#8221;default&#8221; global_colors_info=&#8221;{}&#8221;][et_pb_image src=&#8221;https:\/\/www.cegedim-healthcare.ro\/wp-content\/uploads\/2023\/09\/tertiary-shape.svg&#8221; title_text=&#8221;tertiary-shape&#8221; _builder_version=&#8221;4.21.0&#8243; _module_preset=&#8221;default&#8221; hover_enabled=&#8221;0&#8243; global_colors_info=&#8221;{}&#8221; sticky_enabled=&#8221;0&#8243;][\/et_pb_image][\/et_pb_column][\/et_pb_row][\/et_pb_section][et_pb_section fb_built=&#8221;1&#8243; _builder_version=&#8221;4.21.0&#8243; _module_preset=&#8221;default&#8221; collapsed=&#8221;off&#8221; global_colors_info=&#8221;{}&#8221;][et_pb_row _builder_version=&#8221;4.21.0&#8243; _module_preset=&#8221;default&#8221; global_colors_info=&#8221;{}&#8221;][et_pb_column type=&#8221;4_4&#8243; _builder_version=&#8221;4.21.0&#8243; _module_preset=&#8221;default&#8221; global_colors_info=&#8221;{}&#8221;][et_pb_blurb title=&#8221;Publisher information&#8221; _builder_version=&#8221;4.21.0&#8243; _module_preset=&#8221;default&#8221; header_level=&#8221;h2&#8243; global_colors_info=&#8221;{}&#8221;]<\/p>\n<p>This site is published by CEGEDIM RX SRL, a limited liability company with capital of 7,268,680 euros, whose registered office is at 20 Modrogan St Floor 2 011826 Bucharest District 1.  <\/p>\n<p>Telephone: +40372139590<\/p>\n<p>Publishing Director: Gabriel Cernica , General Manager<\/p>\n<p>[\/et_pb_blurb][et_pb_blurb title=&#8221;Hosting information&#8221; _builder_version=&#8221;4.21.0&#8243; _module_preset=&#8221;default&#8221; header_level=&#8221;h2&#8243; global_colors_info=&#8221;{}&#8221;]<\/p>\n<p>The site is hosted by Cegedim.cloud (RCS 790 173 066, 137 rue d&#8217;Aguesseau 92100 Boulogne Billancourt).<\/p>\n<p>The site is hosted exclusively in France. Cegedim.cloud&#8217;s hosting and facilities management activities are certified ISO 27001 as well as ISO 20000, HDS, ISO 27017 and ISO 27018, and are therefore subject to regular security audits. <\/p>\n<p>[\/et_pb_blurb][\/et_pb_column][\/et_pb_row][\/et_pb_section]<\/p>\n","protected":false},"excerpt":{"rendered":"<p>This site is published by CEGEDIM RX SRL, a limited liability company with capital of 7,268,680 euros, whose registered office is at 20 Modrogan St Floor 2 011826 Bucharest District 1. Telephone: +40372139590 Publishing Director: Gabriel Cernica , General ManagerThe site is hosted by Cegedim.cloud (RCS 790 173 066, 137 rue d&#8217;Aguesseau 92100 Boulogne Billancourt). [&hellip;]<\/p>\n","protected":false},"author":1,"featured_media":0,"parent":0,"menu_order":0,"comment_status":"closed","ping_status":"closed","template":"","meta":{"_et_pb_use_builder":"on","_et_pb_old_content":"","_et_gb_content_width":"","footnotes":""},"class_list":["post-2128","page","type-page","status-publish","hentry"],"yoast_head":"<!-- This site is optimized with the Yoast SEO plugin v27.2 - https:\/\/yoast.com\/product\/yoast-seo-wordpress\/ -->\n<title>Legal notices - Cegedim Healthcare Romania<\/title>\n<meta name=\"robots\" content=\"index, follow, max-snippet:-1, max-image-preview:large, max-video-preview:-1\" \/>\n<link rel=\"canonical\" href=\"https:\/\/www.cegedim-healthcare.ro\/en\/legal-notices\/\" \/>\n<meta property=\"og:locale\" content=\"en_US\" \/>\n<meta property=\"og:type\" content=\"article\" \/>\n<meta property=\"og:title\" content=\"Legal notices - Cegedim Healthcare Romania\" \/>\n<meta property=\"og:description\" content=\"This site is published by CEGEDIM RX SRL, a limited liability company with capital of 7,268,680 euros, whose registered office is at 20 Modrogan St Floor 2 011826 Bucharest District 1. Telephone: +40372139590 Publishing Director: Gabriel Cernica , General ManagerThe site is hosted by Cegedim.cloud (RCS 790 173 066, 137 rue d&#039;Aguesseau 92100 Boulogne Billancourt). [&hellip;]\" \/>\n<meta property=\"og:url\" content=\"https:\/\/www.cegedim-healthcare.ro\/en\/legal-notices\/\" \/>\n<meta property=\"og:site_name\" content=\"Cegedim Healthcare Romania\" \/>\n<meta property=\"article:modified_time\" content=\"2024-01-30T08:11:51+00:00\" \/>\n<meta name=\"twitter:card\" content=\"summary_large_image\" \/>\n<meta name=\"twitter:label1\" content=\"Est. reading time\" \/>\n\t<meta name=\"twitter:data1\" content=\"1 minute\" \/>\n<script type=\"application\/ld+json\" class=\"yoast-schema-graph\">{\"@context\":\"https:\/\/schema.org\",\"@graph\":[{\"@type\":\"WebPage\",\"@id\":\"https:\/\/www.cegedim-healthcare.ro\/en\/legal-notices\/\",\"url\":\"https:\/\/www.cegedim-healthcare.ro\/en\/legal-notices\/\",\"name\":\"Legal notices - Cegedim Healthcare Romania\",\"isPartOf\":{\"@id\":\"https:\/\/www.cegedim-healthcare.ro\/en\/#website\"},\"datePublished\":\"2023-09-07T09:23:42+00:00\",\"dateModified\":\"2024-01-30T08:11:51+00:00\",\"breadcrumb\":{\"@id\":\"https:\/\/www.cegedim-healthcare.ro\/en\/legal-notices\/#breadcrumb\"},\"inLanguage\":\"en-US\",\"potentialAction\":[{\"@type\":\"ReadAction\",\"target\":[\"https:\/\/www.cegedim-healthcare.ro\/en\/legal-notices\/\"]}]},{\"@type\":\"BreadcrumbList\",\"@id\":\"https:\/\/www.cegedim-healthcare.ro\/en\/legal-notices\/#breadcrumb\",\"itemListElement\":[{\"@type\":\"ListItem\",\"position\":1,\"name\":\"Home\",\"item\":\"https:\/\/www.cegedim-healthcare.ro\/en\/home-page\/\"},{\"@type\":\"ListItem\",\"position\":2,\"name\":\"Legal notices\"}]},{\"@type\":\"WebSite\",\"@id\":\"https:\/\/www.cegedim-healthcare.ro\/en\/#website\",\"url\":\"https:\/\/www.cegedim-healthcare.ro\/en\/\",\"name\":\"Cegedim Healthcare Romania\",\"description\":\"Solu\u021bii pentru S\u0103n\u0103t\u0103te, \u00een Rom\u00e2nia\",\"publisher\":{\"@id\":\"https:\/\/www.cegedim-healthcare.ro\/en\/#organization\"},\"potentialAction\":[{\"@type\":\"SearchAction\",\"target\":{\"@type\":\"EntryPoint\",\"urlTemplate\":\"https:\/\/www.cegedim-healthcare.ro\/en\/?s={search_term_string}\"},\"query-input\":{\"@type\":\"PropertyValueSpecification\",\"valueRequired\":true,\"valueName\":\"search_term_string\"}}],\"inLanguage\":\"en-US\"},{\"@type\":\"Organization\",\"@id\":\"https:\/\/www.cegedim-healthcare.ro\/en\/#organization\",\"name\":\"Cegedim Healthcare Romania\",\"url\":\"https:\/\/www.cegedim-healthcare.ro\/en\/\",\"logo\":{\"@type\":\"ImageObject\",\"inLanguage\":\"en-US\",\"@id\":\"https:\/\/www.cegedim-healthcare.ro\/en\/#\/schema\/logo\/image\/\",\"url\":\"https:\/\/www.cegedim-healthcare.ro\/wp-content\/uploads\/2023\/06\/cegedim-healthcare-solutions.svg\",\"contentUrl\":\"https:\/\/www.cegedim-healthcare.ro\/wp-content\/uploads\/2023\/06\/cegedim-healthcare-solutions.svg\",\"width\":1,\"height\":1,\"caption\":\"Cegedim Healthcare Romania\"},\"image\":{\"@id\":\"https:\/\/www.cegedim-healthcare.ro\/en\/#\/schema\/logo\/image\/\"}}]}<\/script>\n<!-- \/ Yoast SEO plugin. -->","yoast_head_json":{"title":"Legal notices - Cegedim Healthcare Romania","robots":{"index":"index","follow":"follow","max-snippet":"max-snippet:-1","max-image-preview":"max-image-preview:large","max-video-preview":"max-video-preview:-1"},"canonical":"https:\/\/www.cegedim-healthcare.ro\/en\/legal-notices\/","og_locale":"en_US","og_type":"article","og_title":"Legal notices - Cegedim Healthcare Romania","og_description":"This site is published by CEGEDIM RX SRL, a limited liability company with capital of 7,268,680 euros, whose registered office is at 20 Modrogan St Floor 2 011826 Bucharest District 1. Telephone: +40372139590 Publishing Director: Gabriel Cernica , General ManagerThe site is hosted by Cegedim.cloud (RCS 790 173 066, 137 rue d'Aguesseau 92100 Boulogne Billancourt). [&hellip;]","og_url":"https:\/\/www.cegedim-healthcare.ro\/en\/legal-notices\/","og_site_name":"Cegedim Healthcare Romania","article_modified_time":"2024-01-30T08:11:51+00:00","twitter_card":"summary_large_image","twitter_misc":{"Est. reading time":"1 minute"},"schema":{"@context":"https:\/\/schema.org","@graph":[{"@type":"WebPage","@id":"https:\/\/www.cegedim-healthcare.ro\/en\/legal-notices\/","url":"https:\/\/www.cegedim-healthcare.ro\/en\/legal-notices\/","name":"Legal notices - Cegedim Healthcare Romania","isPartOf":{"@id":"https:\/\/www.cegedim-healthcare.ro\/en\/#website"},"datePublished":"2023-09-07T09:23:42+00:00","dateModified":"2024-01-30T08:11:51+00:00","breadcrumb":{"@id":"https:\/\/www.cegedim-healthcare.ro\/en\/legal-notices\/#breadcrumb"},"inLanguage":"en-US","potentialAction":[{"@type":"ReadAction","target":["https:\/\/www.cegedim-healthcare.ro\/en\/legal-notices\/"]}]},{"@type":"BreadcrumbList","@id":"https:\/\/www.cegedim-healthcare.ro\/en\/legal-notices\/#breadcrumb","itemListElement":[{"@type":"ListItem","position":1,"name":"Home","item":"https:\/\/www.cegedim-healthcare.ro\/en\/home-page\/"},{"@type":"ListItem","position":2,"name":"Legal notices"}]},{"@type":"WebSite","@id":"https:\/\/www.cegedim-healthcare.ro\/en\/#website","url":"https:\/\/www.cegedim-healthcare.ro\/en\/","name":"Cegedim Healthcare Romania","description":"Solu\u021bii pentru S\u0103n\u0103t\u0103te, \u00een Rom\u00e2nia","publisher":{"@id":"https:\/\/www.cegedim-healthcare.ro\/en\/#organization"},"potentialAction":[{"@type":"SearchAction","target":{"@type":"EntryPoint","urlTemplate":"https:\/\/www.cegedim-healthcare.ro\/en\/?s={search_term_string}"},"query-input":{"@type":"PropertyValueSpecification","valueRequired":true,"valueName":"search_term_string"}}],"inLanguage":"en-US"},{"@type":"Organization","@id":"https:\/\/www.cegedim-healthcare.ro\/en\/#organization","name":"Cegedim Healthcare Romania","url":"https:\/\/www.cegedim-healthcare.ro\/en\/","logo":{"@type":"ImageObject","inLanguage":"en-US","@id":"https:\/\/www.cegedim-healthcare.ro\/en\/#\/schema\/logo\/image\/","url":"https:\/\/www.cegedim-healthcare.ro\/wp-content\/uploads\/2023\/06\/cegedim-healthcare-solutions.svg","contentUrl":"https:\/\/www.cegedim-healthcare.ro\/wp-content\/uploads\/2023\/06\/cegedim-healthcare-solutions.svg","width":1,"height":1,"caption":"Cegedim Healthcare Romania"},"image":{"@id":"https:\/\/www.cegedim-healthcare.ro\/en\/#\/schema\/logo\/image\/"}}]}},"_links":{"self":[{"href":"https:\/\/www.cegedim-healthcare.ro\/en\/wp-json\/wp\/v2\/pages\/2128","targetHints":{"allow":["GET"]}}],"collection":[{"href":"https:\/\/www.cegedim-healthcare.ro\/en\/wp-json\/wp\/v2\/pages"}],"about":[{"href":"https:\/\/www.cegedim-healthcare.ro\/en\/wp-json\/wp\/v2\/types\/page"}],"author":[{"embeddable":true,"href":"https:\/\/www.cegedim-healthcare.ro\/en\/wp-json\/wp\/v2\/users\/1"}],"replies":[{"embeddable":true,"href":"https:\/\/www.cegedim-healthcare.ro\/en\/wp-json\/wp\/v2\/comments?post=2128"}],"version-history":[{"count":6,"href":"https:\/\/www.cegedim-healthcare.ro\/en\/wp-json\/wp\/v2\/pages\/2128\/revisions"}],"predecessor-version":[{"id":2714,"href":"https:\/\/www.cegedim-healthcare.ro\/en\/wp-json\/wp\/v2\/pages\/2128\/revisions\/2714"}],"wp:attachment":[{"href":"https:\/\/www.cegedim-healthcare.ro\/en\/wp-json\/wp\/v2\/media?parent=2128"}],"curies":[{"name":"wp","href":"https:\/\/api.w.org\/{rel}","templated":true}]}}