{"id":1699,"date":"2023-08-30T17:01:13","date_gmt":"2023-08-30T16:01:13","guid":{"rendered":"https:\/\/rcfo-cegedim-healthcare-ro.cegedim.com\/software-for-doctors\/"},"modified":"2025-10-22T20:15:53","modified_gmt":"2025-10-22T19:15:53","slug":"software-for-doctors","status":"publish","type":"page","link":"https:\/\/www.cegedim-healthcare.ro\/en\/software-for-doctors\/","title":{"rendered":"Software for doctors"},"content":{"rendered":"<p>[et_pb_section fb_built=&#8221;1&#8243; admin_label=&#8221;Header&#8221; _builder_version=&#8221;4.21.0&#8243; _module_preset=&#8221;default&#8221; collapsed=&#8221;on&#8221; global_colors_info=&#8221;{}&#8221;][et_pb_row _builder_version=&#8221;4.21.0&#8243; _module_preset=&#8221;default&#8221; global_colors_info=&#8221;{}&#8221;][et_pb_column type=&#8221;4_4&#8243; _builder_version=&#8221;4.21.0&#8243; _module_preset=&#8221;default&#8221; global_colors_info=&#8221;{}&#8221;][et_pb_blurb title=&#8221;Software for doctors&#8221; _builder_version=&#8221;4.21.0&#8243; _module_preset=&#8221;default&#8221; header_level=&#8221;h1&#8243; global_colors_info=&#8221;{}&#8221;]Software solutions for doctors, tailored to the daily workflow in the practice or clinic[\/et_pb_blurb][\/et_pb_column][\/et_pb_row][et_pb_row _builder_version=&#8221;4.21.0&#8243; _module_preset=&#8221;default&#8221; global_colors_info=&#8221;{}&#8221;][et_pb_column type=&#8221;4_4&#8243; _builder_version=&#8221;4.21.0&#8243; _module_preset=&#8221;default&#8221; global_colors_info=&#8221;{}&#8221;][et_pb_image src=&#8221;https:\/\/www.cegedim-healthcare.ro\/wp-content\/uploads\/2023\/08\/secondary-shape.svg&#8221; title_text=&#8221;secondary-shape&#8221; _builder_version=&#8221;4.21.0&#8243; _module_preset=&#8221;default&#8221; global_colors_info=&#8221;{}&#8221;][\/et_pb_image][\/et_pb_column][\/et_pb_row][\/et_pb_section][et_pb_section fb_built=&#8221;1&#8243; admin_label=&#8221;Section&#8221; _builder_version=&#8221;4.21.0&#8243; _module_preset=&#8221;default&#8221; collapsed=&#8221;off&#8221; global_colors_info=&#8221;{}&#8221;][et_pb_row admin_label=&#8221;Pharmec NOVA&#8221; module_id=&#8221;pharmec-nova&#8221; _builder_version=&#8221;4.27.4&#8243; _module_preset=&#8221;default&#8221; custom_padding=&#8221;||0px||false|false&#8221; collapsed=&#8221;off&#8221; global_colors_info=&#8221;{}&#8221;][et_pb_column type=&#8221;4_4&#8243; _builder_version=&#8221;4.27.4&#8243; _module_preset=&#8221;default&#8221; global_colors_info=&#8221;{}&#8221;][et_pb_text admin_label=&#8221;Title&#8221; _builder_version=&#8221;4.21.0&#8243; _module_preset=&#8221;default&#8221; global_colors_info=&#8221;{}&#8221;]<\/p>\n<h2>Pharmec NOVA<\/h2>\n<p>[\/et_pb_text][et_pb_image src=&#8221;https:\/\/www.cegedim-healthcare.ro\/wp-content\/uploads\/2023\/09\/pharmec-nova.png&#8221; title_text=&#8221;pharmec-nova&#8221; admin_label=&#8221;Logo&#8221; _builder_version=&#8221;4.21.0&#8243; _module_preset=&#8221;default&#8221; global_colors_info=&#8221;{}&#8221;][\/et_pb_image][et_pb_text _builder_version=&#8221;4.27.4&#8243; _module_preset=&#8221;default&#8221; global_colors_info=&#8221;{}&#8221;]<\/p>\n<p><strong>Pharmec Nova<\/strong>, Cegedim&#8217;s new software solution for doctors is <strong>available<\/strong> <strong>now!<\/strong><\/p>\n<p>[\/et_pb_text][et_pb_image src=&#8221;https:\/\/www.cegedim-healthcare.ro\/wp-content\/uploads\/2025\/04\/pharmec-nova.webp&#8221; alt=&#8221;Pharmec Nova&#8221; title_text=&#8221;pharmec-nova&#8221; module_class=&#8221;software-img&#8221; _builder_version=&#8221;4.27.4&#8243; _module_preset=&#8221;default&#8221; global_colors_info=&#8221;{}&#8221;][\/et_pb_image][et_pb_text _builder_version=&#8221;4.27.4&#8243; _module_preset=&#8221;default&#8221; custom_margin=&#8221;||30px||false|false&#8221; global_colors_info=&#8221;{}&#8221;]<\/p>\n<p><strong>Pharmec NOVA<\/strong> \u2013 web software application for general practitioners and clinics<\/p>\n<p>[\/et_pb_text][\/et_pb_column][\/et_pb_row][et_pb_row disabled_on=&#8221;off|off|off&#8221; admin_label=&#8221;Pharmec NOVA Tabs&#8221; _builder_version=&#8221;4.27.4&#8243; _module_preset=&#8221;default&#8221; global_colors_info=&#8221;{}&#8221;][et_pb_column type=&#8221;4_4&#8243; _builder_version=&#8221;4.27.4&#8243; _module_preset=&#8221;default&#8221; global_colors_info=&#8221;{}&#8221;][et_pb_tabs _builder_version=&#8221;4.27.4&#8243; _module_preset=&#8221;default&#8221; hover_enabled=&#8221;0&#8243; global_colors_info=&#8221;{}&#8221; sticky_enabled=&#8221;0&#8243;][et_pb_tab title=&#8221;Innovative&#8221; _builder_version=&#8221;4.27.4&#8243; _module_preset=&#8221;default&#8221; global_colors_info=&#8221;{}&#8221;]<\/p>\n<h3>Innovative functionalities to make everyday work in the practice or clinic easier<\/h3>\n<ul>\n<li>Easily accessible medical history<\/li>\n<li>Integration of the new Claude Bernard drugs database<\/li>\n<li>Smart search function<\/li>\n<\/ul>\n<p>[\/et_pb_tab][et_pb_tab title=&#8221;Simplified&#8221; _builder_version=&#8221;4.27.4&#8243; _module_preset=&#8221;default&#8221; global_colors_info=&#8221;{}&#8221;]<\/p>\n<h3>Intuitive interface and functionalities for simple and efficient practice \/ clinic management<\/h3>\n<ul>\n<li>Friendly interface<\/li>\n<li>Intuitive design<\/li>\n<li>Easy access to all features from the main screen<\/li>\n<\/ul>\n<p>[\/et_pb_tab][et_pb_tab title=&#8221;Secure&#8221; _builder_version=&#8221;4.27.4&#8243; _module_preset=&#8221;default&#8221; hover_enabled=&#8221;0&#8243; global_colors_info=&#8221;{}&#8221; sticky_enabled=&#8221;0&#8243;]<\/p>\n<h3>Integrated new technologies and smart tools to guarantee a very advanced level of security<\/h3>\n<ul>\n<li>Advanced technologies: React, TypeScript etc.<\/li>\n<li>Cloud hosting<\/li>\n<li>Multi-factor authentication<\/li>\n<\/ul>\n<p>[\/et_pb_tab][et_pb_tab title=&#8221;Mobile&#8221; _builder_version=&#8221;4.27.4&#8243; _module_preset=&#8221;default&#8221; global_colors_info=&#8221;{}&#8221;]<\/p>\n<h3>Accessible anytime, anywhere for increased mobility and flexibility<\/h3>\n<ul>\n<li>Web software application accessible 24\/7<\/li>\n<li>Keeps activity history when logging in from different devices or at varying times<\/li>\n<\/ul>\n<p>[\/et_pb_tab][\/et_pb_tabs][\/et_pb_column][\/et_pb_row][et_pb_row admin_label=&#8221;Pharmec NOVA button&#8221; module_id=&#8221;pharmec-nova&#8221; _builder_version=&#8221;4.27.4&#8243; _module_preset=&#8221;default&#8221; custom_padding=&#8221;||0px||false|false&#8221; collapsed=&#8221;on&#8221; global_colors_info=&#8221;{}&#8221;][et_pb_column type=&#8221;4_4&#8243; _builder_version=&#8221;4.27.4&#8243; _module_preset=&#8221;default&#8221; global_colors_info=&#8221;{}&#8221;][et_pb_button button_url=&#8221;https:\/\/www.cegedim-healthcare.ro\/en\/contact\/?form=doctors&#8221; url_new_window=&#8221;on&#8221; button_text=&#8221;Request a demo&#8221; _builder_version=&#8221;4.27.4&#8243; _module_preset=&#8221;default&#8221; global_colors_info=&#8221;{}&#8221;][\/et_pb_button][\/et_pb_column][\/et_pb_row][et_pb_row admin_label=&#8221;Pharmec Cabinet&#8221; module_id=&#8221;pharmec-cabinet&#8221; _builder_version=&#8221;4.21.0&#8243; _module_preset=&#8221;default&#8221; collapsed=&#8221;on&#8221; global_colors_info=&#8221;{}&#8221;][et_pb_column type=&#8221;4_4&#8243; _builder_version=&#8221;4.21.0&#8243; _module_preset=&#8221;default&#8221; global_colors_info=&#8221;{}&#8221;][et_pb_text _builder_version=&#8221;4.21.0&#8243; _module_preset=&#8221;default&#8221; global_colors_info=&#8221;{}&#8221;]<\/p>\n<h2>Pharmec Cabinet<\/h2>\n<p>[\/et_pb_text][et_pb_image src=&#8221;https:\/\/www.cegedim-healthcare.ro\/wp-content\/uploads\/2023\/09\/pharmec-pentru-cabinete-medicale.png&#8221; title_text=&#8221;pharmec-pentru-cabinete-medicale&#8221; admin_label=&#8221;Logo&#8221; _builder_version=&#8221;4.21.0&#8243; _module_preset=&#8221;default&#8221; global_colors_info=&#8221;{}&#8221;][\/et_pb_image][et_pb_text _builder_version=&#8221;4.21.0&#8243; _module_preset=&#8221;default&#8221; global_colors_info=&#8221;{}&#8221;]<\/p>\n<p><strong>Pharmec Cabinet<\/strong>, the leader of IT applications for general practitioners in Romania, is a software solution based on the daily work mode in the office.<\/p>\n<p>[\/et_pb_text][et_pb_image src=&#8221;https:\/\/www.cegedim-healthcare.ro\/wp-content\/uploads\/2023\/09\/Pharmec-Cabinet.jpg&#8221; title_text=&#8221;Pharmec-Cabinet&#8221; module_class=&#8221;software-img&#8221; _builder_version=&#8221;4.21.0&#8243; _module_preset=&#8221;default&#8221; global_colors_info=&#8221;{}&#8221;][\/et_pb_image][et_pb_text _builder_version=&#8221;4.21.0&#8243; _module_preset=&#8221;default&#8221; global_colors_info=&#8221;{}&#8221;]<\/p>\n<p>The <strong>Pharmec Cabinet<\/strong> app is designed around the patient record for simple and fast use. Doctors appreciate its multitude of functions, technical support in the medical office and compatibility with CNAS \u2013 SIUI reports.<\/p>\n<p>[\/et_pb_text][et_pb_accordion _builder_version=&#8221;4.21.0&#8243; _module_preset=&#8221;default&#8221; toggle_level=&#8221;h3&#8243; global_colors_info=&#8221;{}&#8221;][et_pb_accordion_item title=&#8221;Management of medical activities&#8221; open=&#8221;on&#8221; _builder_version=&#8221;4.21.0&#8243; _module_preset=&#8221;default&#8221; global_colors_info=&#8221;{}&#8221;]<\/p>\n<ul>\n<li><strong>Increased revenue<\/strong> due to always correct reporting, according to the required standards<\/li>\n<li><strong>More time available<\/strong> for the medical act itself, by eliminating routine activities<\/li>\n<li><strong>Safety<\/strong> in everyday activity, by eliminating the risks of error when prescribing medicines<\/li>\n<li>In-office <strong>controls<\/strong>, allowing a clear record of patients, consultations and prescriptions written<\/li>\n<li>Workflow <strong>optimization<\/strong> through constantly improved functionality<\/li>\n<\/ul>\n<p>[\/et_pb_accordion_item][et_pb_accordion_item title=&#8221;Customer Support&#8221; _builder_version=&#8221;4.21.0&#8243; _module_preset=&#8221;default&#8221; global_colors_info=&#8221;{}&#8221;]<\/p>\n<ul>\n<li><strong>Customer Service<\/strong> Department with specialized consultants for installation, training and maintenance<\/li>\n<li>Technical support available by phone, email and remote connection with national coverage<\/li>\n<li><strong>Registration, installation and support services for digital certificates<\/strong> through partnership with CertDigital<\/li>\n<li><strong>Office support and consultation<\/strong> from Cegedim Rx specialists throughout the country<\/li>\n<\/ul>\n<p>[\/et_pb_accordion_item][et_pb_accordion_item title=&#8221;Permanent update&#8221; _builder_version=&#8221;4.21.0&#8243; _module_preset=&#8221;default&#8221; global_colors_info=&#8221;{}&#8221;]<\/p>\n<ul>\n<li><strong>Online<\/strong><\/li>\n<li>According to the requirements of CNAS and the Ministry of Health<\/li>\n<li>News, advertisements and e-learning<\/li>\n<\/ul>\n<p>[\/et_pb_accordion_item][et_pb_accordion_item title=&#8221;Data Security&#8221; _builder_version=&#8221;4.21.0&#8243; _module_preset=&#8221;default&#8221; global_colors_info=&#8221;{}&#8221;]<\/p>\n<ul>\n<li>Through the system of protection keys and privacy of personal information in accordance with GDPR<\/li>\n<\/ul>\n<p>[\/et_pb_accordion_item][\/et_pb_accordion][et_pb_text _builder_version=&#8221;4.21.0&#8243; _module_preset=&#8221;default&#8221; global_colors_info=&#8221;{}&#8221;]<\/p>\n<p>Because no doctor&#8217;s office can operate truly efficiently without a complete IT system, Pharmec Cabinet aims to improve the doctor&#8217;s day-to-day work so that his or her primary concern remains patient care. With the help of <strong>Pharmec Cabinet<\/strong>, doctors achieve positive results at the profit level, through correct office management and error-free reporting, and can gain the time they need for actual medical consultations, thus focusing on patient issues.<\/p>\n<p>[\/et_pb_text][et_pb_text _builder_version=&#8221;4.21.0&#8243; _module_preset=&#8221;default&#8221; global_colors_info=&#8221;{}&#8221;]<\/p>\n<p>The Pharmec Cabinet application is ideal for any type of medical practice: CMI, specialist outpatient clinic or medical clinic, regardless of whether it operates under contract with CNAS or in a private system, as it is configurable according to their specific needs.<\/p>\n<p>[\/et_pb_text][et_pb_button button_url=&#8221;https:\/\/www.cegedim-healthcare.ro\/en\/contact\/?form=doctors&#8221; button_text=&#8221;Request a demo&#8221; _builder_version=&#8221;4.21.0&#8243; _module_preset=&#8221;default&#8221; global_colors_info=&#8221;{}&#8221;][\/et_pb_button][\/et_pb_column][\/et_pb_row][\/et_pb_section][et_pb_section fb_built=&#8221;1&#8243; admin_label=&#8221;Want to learn more&#8221; _builder_version=&#8221;4.21.0&#8243; _module_preset=&#8221;default&#8221; global_module=&#8221;574&#8243; saved_tabs=&#8221;all&#8221; collapsed=&#8221;on&#8221; global_colors_info=&#8221;{}&#8221;][et_pb_row _builder_version=&#8221;4.21.0&#8243; _module_preset=&#8221;default&#8221; global_colors_info=&#8221;{}&#8221;][et_pb_column type=&#8221;4_4&#8243; _builder_version=&#8221;4.21.0&#8243; _module_preset=&#8221;default&#8221; global_colors_info=&#8221;{}&#8221;][et_pb_image src=&#8221;https:\/\/www.cegedim-healthcare.ro\/wp-content\/uploads\/2023\/08\/secondary-shape.svg&#8221; title_text=&#8221;secondary-shape&#8221; _builder_version=&#8221;4.21.0&#8243; _module_preset=&#8221;default&#8221; global_colors_info=&#8221;{}&#8221;][\/et_pb_image][\/et_pb_column][\/et_pb_row][et_pb_row _builder_version=&#8221;4.21.0&#8243; _module_preset=&#8221;default&#8221; global_colors_info=&#8221;{}&#8221;][et_pb_column type=&#8221;4_4&#8243; _builder_version=&#8221;4.21.0&#8243; _module_preset=&#8221;default&#8221; global_colors_info=&#8221;{}&#8221;][et_pb_blurb title=&#8221;Want to find out more?&#8221; _builder_version=&#8221;4.21.0&#8243; _module_preset=&#8221;default&#8221; header_level=&#8221;h2&#8243; global_colors_info=&#8221;{}&#8221;]<span>We would love to hear from you!<\/span><\/p>\n<p>If you&#8217;ve got a question, or would like more information about our products and services then get in touch.[\/et_pb_blurb][et_pb_button button_url=&#8221;@ET-DC@eyJkeW5hbWljIjp0cnVlLCJjb250ZW50IjoicG9zdF9saW5rX3VybF9wYWdlIiwic2V0dGluZ3MiOnsicG9zdF9pZCI6IjIwMyIsImVuYWJsZV9odG1sIjoib2ZmIn19@&#8221; button_text=&#8221;Contact us&#8221; _builder_version=&#8221;4.21.0&#8243; _dynamic_attributes=&#8221;button_url&#8221; _module_preset=&#8221;default&#8221; global_colors_info=&#8221;{}&#8221;][\/et_pb_button][\/et_pb_column][\/et_pb_row][\/et_pb_section]<\/p>\n","protected":false},"excerpt":{"rendered":"<p>Software solutions for doctors, tailored to the daily workflow in the practice or clinicPharmec NOVAPharmec Nova, Cegedim&#8217;s new software solution for doctors is available now!Pharmec NOVA \u2013 web software application for general practitioners and clinicsInnovative functionalities to make everyday work in the practice or clinic easier Easily accessible medical history Integration of the new Claude [&hellip;]<\/p>\n","protected":false},"author":1,"featured_media":0,"parent":0,"menu_order":0,"comment_status":"closed","ping_status":"closed","template":"","meta":{"_et_pb_use_builder":"on","_et_pb_old_content":"","_et_gb_content_width":"","footnotes":""},"class_list":["post-1699","page","type-page","status-publish","hentry"],"yoast_head":"<!-- This site is optimized with the Yoast SEO plugin v27.2 - https:\/\/yoast.com\/product\/yoast-seo-wordpress\/ -->\n<title>Software for doctors - Cegedim Healthcare Romania<\/title>\n<meta name=\"robots\" content=\"index, follow, max-snippet:-1, max-image-preview:large, max-video-preview:-1\" \/>\n<link rel=\"canonical\" href=\"https:\/\/www.cegedim-healthcare.ro\/en\/software-for-doctors\/\" \/>\n<meta property=\"og:locale\" content=\"en_US\" \/>\n<meta property=\"og:type\" content=\"article\" \/>\n<meta property=\"og:title\" content=\"Software for doctors - Cegedim Healthcare Romania\" \/>\n<meta property=\"og:description\" content=\"Software solutions for doctors, tailored to the daily workflow in the practice or clinicPharmec NOVAPharmec Nova, Cegedim&#039;s new software solution for doctors is available now!Pharmec NOVA \u2013 web software application for general practitioners and clinicsInnovative functionalities to make everyday work in the practice or clinic easier Easily accessible medical history Integration of the new Claude [&hellip;]\" \/>\n<meta property=\"og:url\" content=\"https:\/\/www.cegedim-healthcare.ro\/en\/software-for-doctors\/\" \/>\n<meta property=\"og:site_name\" content=\"Cegedim Healthcare Romania\" \/>\n<meta property=\"article:modified_time\" content=\"2025-10-22T19:15:53+00:00\" \/>\n<meta name=\"twitter:card\" content=\"summary_large_image\" \/>\n<meta name=\"twitter:label1\" content=\"Est. reading time\" \/>\n\t<meta name=\"twitter:data1\" content=\"4 minutes\" \/>\n<script type=\"application\/ld+json\" class=\"yoast-schema-graph\">{\"@context\":\"https:\/\/schema.org\",\"@graph\":[{\"@type\":\"WebPage\",\"@id\":\"https:\/\/www.cegedim-healthcare.ro\/en\/software-for-doctors\/\",\"url\":\"https:\/\/www.cegedim-healthcare.ro\/en\/software-for-doctors\/\",\"name\":\"Software for doctors - Cegedim Healthcare Romania\",\"isPartOf\":{\"@id\":\"https:\/\/www.cegedim-healthcare.ro\/en\/#website\"},\"datePublished\":\"2023-08-30T16:01:13+00:00\",\"dateModified\":\"2025-10-22T19:15:53+00:00\",\"breadcrumb\":{\"@id\":\"https:\/\/www.cegedim-healthcare.ro\/en\/software-for-doctors\/#breadcrumb\"},\"inLanguage\":\"en-US\",\"potentialAction\":[{\"@type\":\"ReadAction\",\"target\":[\"https:\/\/www.cegedim-healthcare.ro\/en\/software-for-doctors\/\"]}]},{\"@type\":\"BreadcrumbList\",\"@id\":\"https:\/\/www.cegedim-healthcare.ro\/en\/software-for-doctors\/#breadcrumb\",\"itemListElement\":[{\"@type\":\"ListItem\",\"position\":1,\"name\":\"Home\",\"item\":\"https:\/\/www.cegedim-healthcare.ro\/en\/home-page\/\"},{\"@type\":\"ListItem\",\"position\":2,\"name\":\"Software for doctors\"}]},{\"@type\":\"WebSite\",\"@id\":\"https:\/\/www.cegedim-healthcare.ro\/en\/#website\",\"url\":\"https:\/\/www.cegedim-healthcare.ro\/en\/\",\"name\":\"Cegedim Healthcare Romania\",\"description\":\"Solu\u021bii pentru S\u0103n\u0103t\u0103te, \u00een Rom\u00e2nia\",\"publisher\":{\"@id\":\"https:\/\/www.cegedim-healthcare.ro\/en\/#organization\"},\"potentialAction\":[{\"@type\":\"SearchAction\",\"target\":{\"@type\":\"EntryPoint\",\"urlTemplate\":\"https:\/\/www.cegedim-healthcare.ro\/en\/?s={search_term_string}\"},\"query-input\":{\"@type\":\"PropertyValueSpecification\",\"valueRequired\":true,\"valueName\":\"search_term_string\"}}],\"inLanguage\":\"en-US\"},{\"@type\":\"Organization\",\"@id\":\"https:\/\/www.cegedim-healthcare.ro\/en\/#organization\",\"name\":\"Cegedim Healthcare Romania\",\"url\":\"https:\/\/www.cegedim-healthcare.ro\/en\/\",\"logo\":{\"@type\":\"ImageObject\",\"inLanguage\":\"en-US\",\"@id\":\"https:\/\/www.cegedim-healthcare.ro\/en\/#\/schema\/logo\/image\/\",\"url\":\"https:\/\/www.cegedim-healthcare.ro\/wp-content\/uploads\/2023\/06\/cegedim-healthcare-solutions.svg\",\"contentUrl\":\"https:\/\/www.cegedim-healthcare.ro\/wp-content\/uploads\/2023\/06\/cegedim-healthcare-solutions.svg\",\"width\":1,\"height\":1,\"caption\":\"Cegedim Healthcare Romania\"},\"image\":{\"@id\":\"https:\/\/www.cegedim-healthcare.ro\/en\/#\/schema\/logo\/image\/\"}}]}<\/script>\n<!-- \/ Yoast SEO plugin. -->","yoast_head_json":{"title":"Software for doctors - Cegedim Healthcare Romania","robots":{"index":"index","follow":"follow","max-snippet":"max-snippet:-1","max-image-preview":"max-image-preview:large","max-video-preview":"max-video-preview:-1"},"canonical":"https:\/\/www.cegedim-healthcare.ro\/en\/software-for-doctors\/","og_locale":"en_US","og_type":"article","og_title":"Software for doctors - Cegedim Healthcare Romania","og_description":"Software solutions for doctors, tailored to the daily workflow in the practice or clinicPharmec NOVAPharmec Nova, Cegedim's new software solution for doctors is available now!Pharmec NOVA \u2013 web software application for general practitioners and clinicsInnovative functionalities to make everyday work in the practice or clinic easier Easily accessible medical history Integration of the new Claude [&hellip;]","og_url":"https:\/\/www.cegedim-healthcare.ro\/en\/software-for-doctors\/","og_site_name":"Cegedim Healthcare Romania","article_modified_time":"2025-10-22T19:15:53+00:00","twitter_card":"summary_large_image","twitter_misc":{"Est. reading time":"4 minutes"},"schema":{"@context":"https:\/\/schema.org","@graph":[{"@type":"WebPage","@id":"https:\/\/www.cegedim-healthcare.ro\/en\/software-for-doctors\/","url":"https:\/\/www.cegedim-healthcare.ro\/en\/software-for-doctors\/","name":"Software for doctors - Cegedim Healthcare Romania","isPartOf":{"@id":"https:\/\/www.cegedim-healthcare.ro\/en\/#website"},"datePublished":"2023-08-30T16:01:13+00:00","dateModified":"2025-10-22T19:15:53+00:00","breadcrumb":{"@id":"https:\/\/www.cegedim-healthcare.ro\/en\/software-for-doctors\/#breadcrumb"},"inLanguage":"en-US","potentialAction":[{"@type":"ReadAction","target":["https:\/\/www.cegedim-healthcare.ro\/en\/software-for-doctors\/"]}]},{"@type":"BreadcrumbList","@id":"https:\/\/www.cegedim-healthcare.ro\/en\/software-for-doctors\/#breadcrumb","itemListElement":[{"@type":"ListItem","position":1,"name":"Home","item":"https:\/\/www.cegedim-healthcare.ro\/en\/home-page\/"},{"@type":"ListItem","position":2,"name":"Software for doctors"}]},{"@type":"WebSite","@id":"https:\/\/www.cegedim-healthcare.ro\/en\/#website","url":"https:\/\/www.cegedim-healthcare.ro\/en\/","name":"Cegedim Healthcare Romania","description":"Solu\u021bii pentru S\u0103n\u0103t\u0103te, \u00een Rom\u00e2nia","publisher":{"@id":"https:\/\/www.cegedim-healthcare.ro\/en\/#organization"},"potentialAction":[{"@type":"SearchAction","target":{"@type":"EntryPoint","urlTemplate":"https:\/\/www.cegedim-healthcare.ro\/en\/?s={search_term_string}"},"query-input":{"@type":"PropertyValueSpecification","valueRequired":true,"valueName":"search_term_string"}}],"inLanguage":"en-US"},{"@type":"Organization","@id":"https:\/\/www.cegedim-healthcare.ro\/en\/#organization","name":"Cegedim Healthcare Romania","url":"https:\/\/www.cegedim-healthcare.ro\/en\/","logo":{"@type":"ImageObject","inLanguage":"en-US","@id":"https:\/\/www.cegedim-healthcare.ro\/en\/#\/schema\/logo\/image\/","url":"https:\/\/www.cegedim-healthcare.ro\/wp-content\/uploads\/2023\/06\/cegedim-healthcare-solutions.svg","contentUrl":"https:\/\/www.cegedim-healthcare.ro\/wp-content\/uploads\/2023\/06\/cegedim-healthcare-solutions.svg","width":1,"height":1,"caption":"Cegedim Healthcare Romania"},"image":{"@id":"https:\/\/www.cegedim-healthcare.ro\/en\/#\/schema\/logo\/image\/"}}]}},"_links":{"self":[{"href":"https:\/\/www.cegedim-healthcare.ro\/en\/wp-json\/wp\/v2\/pages\/1699","targetHints":{"allow":["GET"]}}],"collection":[{"href":"https:\/\/www.cegedim-healthcare.ro\/en\/wp-json\/wp\/v2\/pages"}],"about":[{"href":"https:\/\/www.cegedim-healthcare.ro\/en\/wp-json\/wp\/v2\/types\/page"}],"author":[{"embeddable":true,"href":"https:\/\/www.cegedim-healthcare.ro\/en\/wp-json\/wp\/v2\/users\/1"}],"replies":[{"embeddable":true,"href":"https:\/\/www.cegedim-healthcare.ro\/en\/wp-json\/wp\/v2\/comments?post=1699"}],"version-history":[{"count":25,"href":"https:\/\/www.cegedim-healthcare.ro\/en\/wp-json\/wp\/v2\/pages\/1699\/revisions"}],"predecessor-version":[{"id":6817,"href":"https:\/\/www.cegedim-healthcare.ro\/en\/wp-json\/wp\/v2\/pages\/1699\/revisions\/6817"}],"wp:attachment":[{"href":"https:\/\/www.cegedim-healthcare.ro\/en\/wp-json\/wp\/v2\/media?parent=1699"}],"curies":[{"name":"wp","href":"https:\/\/api.w.org\/{rel}","templated":true}]}}